{"id":2,"date":"2021-03-15T20:44:14","date_gmt":"2021-03-15T20:44:14","guid":{"rendered":"http:\/\/ozvarsaksurucukursu.com\/?page_id=2"},"modified":"2024-01-22T11:05:02","modified_gmt":"2024-01-22T11:05:02","slug":"ozvarsaksurucukursu","status":"publish","type":"page","link":"http:\/\/ozvarsaksurucukursu.com\/","title":{"rendered":"ANASAYFA"},"content":{"rendered":"<p>[et_pb_section fb_built=&#8221;1&#8243; fullwidth=&#8221;on&#8221; _builder_version=&#8221;4.9.2&#8243; _module_preset=&#8221;default&#8221;][et_pb_fullwidth_slider _builder_version=&#8221;4.9.2&#8243; _module_preset=&#8221;default&#8221;][et_pb_slide heading=&#8221;UZMAN KADROMUZ \u0130LE 2023 YILINDA \u0130DDALIYIZ.&#8221; use_text_overlay=&#8221;on&#8221; _builder_version=&#8221;4.9.2&#8243; _module_preset=&#8221;default&#8221; header_font_size=&#8221;41px&#8221; background_enable_color=&#8221;off&#8221; background_image=&#8221;http:\/\/ozvarsaksurucukursu.com\/wp-content\/uploads\/2021\/04\/ozvarsaksurucukursu.jpg&#8221; background_enable_image=&#8221;on&#8221; header_font_size_tablet=&#8221;&#8221; header_font_size_phone=&#8221;24px&#8221; header_font_size_last_edited=&#8221;on|phone&#8221; sticky_transition=&#8221;on&#8221;][\/et_pb_slide][et_pb_slide heading=&#8221;DAICA STEPWAP ARA\u00c7LARIMIZ \u0130LE E\u011e\u0130T\u0130M VER\u0130YORUZ.&#8221; use_text_overlay=&#8221;on&#8221; text_overlay_color=&#8221;rgba(12,113,195,0.57)&#8221; _builder_version=&#8221;4.9.2&#8243; _module_preset=&#8221;default&#8221; header_level=&#8221;h3&#8243; header_font_size=&#8221;29px&#8221; header_line_height=&#8221;1.2em&#8221; background_enable_color=&#8221;off&#8221; background_image=&#8221;http:\/\/ozvarsaksurucukursu.com\/wp-content\/uploads\/2021\/04\/DSC_3853.jpg&#8221; background_enable_image=&#8221;on&#8221; header_font_size_tablet=&#8221;&#8221; header_font_size_phone=&#8221;20px&#8221; header_font_size_last_edited=&#8221;on|desktop&#8221; sticky_transition=&#8221;on&#8221;][\/et_pb_slide][et_pb_slide heading=&#8221;HEDEF\u0130M\u0130Z E\u011e\u0130T\u0130MDE %100 BA\u015eARI&#8221; use_text_overlay=&#8221;on&#8221; _builder_version=&#8221;4.9.2&#8243; _module_preset=&#8221;default&#8221; background_image=&#8221;http:\/\/ozvarsaksurucukursu.com\/wp-content\/uploads\/2021\/04\/MOTOR-3.jpg&#8221; background_enable_image=&#8221;on&#8221; sticky_transition=&#8221;on&#8221;][\/et_pb_slide][et_pb_slide heading=&#8221;TRAF\u0130K E\u011e\u0130T\u0130M\u0130&#8221; use_text_overlay=&#8221;on&#8221; _builder_version=&#8221;4.9.2&#8243; _module_preset=&#8221;default&#8221; background_image=&#8221;http:\/\/ozvarsaksurucukursu.com\/wp-content\/uploads\/2021\/04\/TRAFIK-3.jpg&#8221; background_enable_image=&#8221;on&#8221; sticky_transition=&#8221;on&#8221;][\/et_pb_slide][et_pb_slide _builder_version=&#8221;4.9.2&#8243; _module_preset=&#8221;default&#8221; background_enable_color=&#8221;off&#8221; background_image=&#8221;http:\/\/ozvarsaksurucukursu.com\/wp-content\/uploads\/2021\/04\/DSC_3868.jpg&#8221; background_enable_image=&#8221;on&#8221; sticky_transition=&#8221;on&#8221;]<\/p>\n<p>&nbsp;<\/p>\n<p>&nbsp;<\/p>\n<p>&nbsp;<\/p>\n<p>&nbsp;<\/p>\n<p>&nbsp;<\/p>\n<p>&nbsp;<\/p>\n<p>&nbsp;<\/p>\n<p>[\/et_pb_slide][\/et_pb_fullwidth_slider][\/et_pb_section][et_pb_section fb_built=&#8221;1&#8243; admin_label=&#8221;section&#8221; _builder_version=&#8221;3.22&#8243; custom_padding=&#8221;4px|||||&#8221;][et_pb_row column_structure=&#8221;3_5,2_5&#8243; _builder_version=&#8221;4.9.2&#8243; _module_preset=&#8221;default&#8221;][et_pb_column type=&#8221;3_5&#8243; _builder_version=&#8221;4.9.2&#8243; _module_preset=&#8221;default&#8221;][et_pb_image src=&#8221;http:\/\/ozvarsaksurucukursu.com\/wp-content\/uploads\/2021\/04\/OZVARSAKSURUCUKURUS.jpg&#8221; title_text=&#8221;OZVARSAKSURUCUKURUS&#8221; _builder_version=&#8221;4.9.2&#8243; _module_preset=&#8221;default&#8221;][\/et_pb_image][\/et_pb_column][et_pb_column type=&#8221;2_5&#8243; _builder_version=&#8221;4.9.2&#8243; _module_preset=&#8221;default&#8221;][et_pb_text _builder_version=&#8221;4.9.2&#8243; _module_preset=&#8221;default&#8221; text_text_color=&#8221;#FFFFFF&#8221; background_color=&#8221;#E02B20&#8243; animation_style=&#8221;bounce&#8221; animation_duration=&#8221;1500ms&#8221; animation_delay=&#8221;1000ms&#8221; animation_repeat=&#8221;loop&#8221;]<\/p>\n<p style=\"text-align: center;\">KURSUMUZDA HER AYIN<\/p>\n<h2 style=\"text-align: center;\"><span style=\"color: #ff9900;\">1. \u0130LE 10.<\/span><\/h2>\n<p style=\"text-align: center;\">G\u00dcN\u00dc D\u00d6NEM A\u00c7ILIR<\/p>\n<p>[\/et_pb_text][et_pb_countdown_timer title=&#8221;SONRAK\u0130 D\u00d6NEM BA\u015eLAMASINA &#8221; date_time=&#8221;2024-02-10 21:40&#8243; _builder_version=&#8221;4.9.2&#8243; _module_preset=&#8221;default&#8221;][\/et_pb_countdown_timer][et_pb_text _builder_version=&#8221;4.9.2&#8243; _module_preset=&#8221;default&#8221; text_font_size=&#8221;20px&#8221; text_line_height=&#8221;1.8em&#8221; background_color=&#8221;#EDF000&#8243; text_orientation=&#8221;center&#8221;]<\/p>\n<p>KURSLARIMUZDA<br \/>COV\u0130D 19 TEDB\u0130RLER\u0130<br \/>\u0130LE E\u011e\u0130T\u0130M \u00d6\u011eRET\u0130M YAPILMAKTADIR.<\/p>\n<p>[\/et_pb_text][\/et_pb_column][\/et_pb_row][et_pb_row _builder_version=&#8221;4.9.2&#8243; _module_preset=&#8221;default&#8221;][et_pb_column type=&#8221;4_4&#8243; _builder_version=&#8221;4.9.2&#8243; _module_preset=&#8221;default&#8221;][et_pb_image src=&#8221;http:\/\/ozvarsaksurucukursu.com\/wp-content\/uploads\/2024\/01\/ozvarsakreklam.jpg&#8221; title_text=&#8221;ozvarsakreklam&#8221; align=&#8221;center&#8221; force_fullwidth=&#8221;on&#8221; _builder_version=&#8221;4.9.2&#8243; _module_preset=&#8221;default&#8221; hover_enabled=&#8221;0&#8243; sticky_enabled=&#8221;0&#8243;][\/et_pb_image][\/et_pb_column][\/et_pb_row][et_pb_row column_structure=&#8221;1_2,1_2&#8243; _builder_version=&#8221;4.9.2&#8243; _module_preset=&#8221;default&#8221;][et_pb_column type=&#8221;1_2&#8243; _builder_version=&#8221;4.9.2&#8243; _module_preset=&#8221;default&#8221;][et_pb_image src=&#8221;http:\/\/ozvarsaksurucukursu.com\/wp-content\/uploads\/2021\/04\/DSC_3868.jpg&#8221; title_text=&#8221;DSC_3868&#8243; show_in_lightbox=&#8221;on&#8221; _builder_version=&#8221;4.9.2&#8243; _module_preset=&#8221;default&#8221; box_shadow_style=&#8221;preset1&#8243; box_shadow_color__hover_enabled=&#8221;on|hover&#8221; box_shadow_color__hover=&#8221;#0C71C3&#8243;][\/et_pb_image][et_pb_text _builder_version=&#8221;4.9.2&#8243; _module_preset=&#8221;default&#8221;]<\/p>\n<p style=\"text-align: center;\"><strong>UZMAN EK\u0130P<\/strong><\/p>\n<p>[\/et_pb_text][\/et_pb_column][et_pb_column type=&#8221;1_2&#8243; _builder_version=&#8221;4.9.2&#8243; _module_preset=&#8221;default&#8221;][et_pb_image src=&#8221;http:\/\/ozvarsaksurucukursu.com\/wp-content\/uploads\/2021\/04\/DSC_3853.jpg&#8221; title_text=&#8221;DSC_3853&#8243; _builder_version=&#8221;4.9.2&#8243; _module_preset=&#8221;default&#8221; box_shadow_style=&#8221;preset1&#8243; box_shadow_color=&#8221;#848484&#8243; box_shadow_color__hover_enabled=&#8221;on|desktop&#8221; box_shadow_color__hover=&#8221;#0C71C3&#8243;][\/et_pb_image][et_pb_text _builder_version=&#8221;4.9.2&#8243; _module_preset=&#8221;default&#8221;]<\/p>\n<p style=\"text-align: center;\"><strong>DACIA STEPWAY ARA\u00c7LARLA E\u011e\u0130T\u0130M<\/strong><\/p>\n<p>[\/et_pb_text][\/et_pb_column][\/et_pb_row][et_pb_row _builder_version=&#8221;4.9.2&#8243; _module_preset=&#8221;default&#8221;][et_pb_column type=&#8221;4_4&#8243; _builder_version=&#8221;4.9.2&#8243; _module_preset=&#8221;default&#8221;][et_pb_number_counter title=&#8221;E\u011fitimde Ba\u015far\u0131&#8221; number=&#8221;100&#8243; _builder_version=&#8221;4.9.2&#8243; _module_preset=&#8221;default&#8221; number_text_color=&#8221;#E02B20&#8243; background_color=&#8221;#edef77&#8243;][\/et_pb_number_counter][\/et_pb_column][\/et_pb_row][\/et_pb_section][et_pb_section fb_built=&#8221;1&#8243; _builder_version=&#8221;4.9.2&#8243; _module_preset=&#8221;default&#8221; global_module=&#8221;134&#8243; saved_tabs=&#8221;all&#8221;][et_pb_row _builder_version=&#8221;4.9.2&#8243; _module_preset=&#8221;default&#8221; background_color=&#8221;#0C71C3&#8243; border_radii=&#8221;on|30px|30px|30px|30px&#8221;][et_pb_column type=&#8221;4_4&#8243; _builder_version=&#8221;4.9.2&#8243; _module_preset=&#8221;default&#8221;][et_pb_text _builder_version=&#8221;4.9.2&#8243; _module_preset=&#8221;default&#8221; text_text_color=&#8221;#FFFFFF&#8221; text_font_size=&#8221;25px&#8221; text_orientation=&#8221;center&#8221; text_text_shadow_style=&#8221;preset1&#8243;]<\/p>\n<p>SINIFLARIMIZ<\/p>\n<p>[\/et_pb_text][\/et_pb_column][\/et_pb_row][et_pb_row column_structure=&#8221;1_2,1_2&#8243; _builder_version=&#8221;4.9.2&#8243; _module_preset=&#8221;default&#8221;][et_pb_column type=&#8221;1_2&#8243; _builder_version=&#8221;4.9.2&#8243; _module_preset=&#8221;default&#8221;][et_pb_gallery gallery_ids=&#8221;89,90,91&#8243; fullwidth=&#8221;on&#8221; _builder_version=&#8221;4.9.2&#8243; _module_preset=&#8221;default&#8221; auto=&#8221;on&#8221;][\/et_pb_gallery][et_pb_text _builder_version=&#8221;4.9.2&#8243; _module_preset=&#8221;default&#8221;]<\/p>\n<p style=\"text-align: center;\"><strong>MOTOR SINIFI<\/strong><\/p>\n<p>[\/et_pb_text][\/et_pb_column][et_pb_column type=&#8221;1_2&#8243; _builder_version=&#8221;4.9.2&#8243; _module_preset=&#8221;default&#8221;][et_pb_gallery gallery_ids=&#8221;92,93,94&#8243; fullwidth=&#8221;on&#8221; _builder_version=&#8221;4.9.2&#8243; _module_preset=&#8221;default&#8221; auto=&#8221;on&#8221;][\/et_pb_gallery][et_pb_text _builder_version=&#8221;4.9.2&#8243; _module_preset=&#8221;default&#8221;]<\/p>\n<p style=\"text-align: center;\"><strong>TRAF\u0130K SINIFI<\/strong><\/p>\n<p>[\/et_pb_text][\/et_pb_column][\/et_pb_row][\/et_pb_section][et_pb_section fb_built=&#8221;1&#8243; _builder_version=&#8221;4.9.2&#8243; _module_preset=&#8221;default&#8221; global_module=&#8221;100&#8243; saved_tabs=&#8221;all&#8221;][et_pb_row _builder_version=&#8221;4.9.2&#8243; _module_preset=&#8221;default&#8221; background_color=&#8221;#0C71C3&#8243; border_radii=&#8221;on|30px|30px|30px|30px&#8221;][et_pb_column type=&#8221;4_4&#8243; _builder_version=&#8221;4.9.2&#8243; _module_preset=&#8221;default&#8221;][et_pb_text _builder_version=&#8221;4.9.2&#8243; _module_preset=&#8221;default&#8221; text_text_color=&#8221;#FFFFFF&#8221; text_font_size=&#8221;25px&#8221; text_orientation=&#8221;center&#8221; text_text_shadow_style=&#8221;preset1&#8243;]<\/p>\n<p>SIK SORULAN SORULAR ???<\/p>\n<p>[\/et_pb_text][\/et_pb_column][\/et_pb_row][et_pb_row _builder_version=&#8221;4.9.2&#8243; _module_preset=&#8221;default&#8221;][et_pb_column type=&#8221;4_4&#8243; _builder_version=&#8221;4.9.2&#8243; _module_preset=&#8221;default&#8221;][et_pb_accordion _builder_version=&#8221;4.9.2&#8243; _module_preset=&#8221;default&#8221;][et_pb_accordion_item title=&#8221;KURSLAR NE ZAMAN A\u00c7ILIYOR ?&#8221; open=&#8221;on&#8221; _builder_version=&#8221;4.9.2&#8243; _module_preset=&#8221;default&#8221;]<\/p>\n<p>Her ay\u0131n 1. ve 10. g\u00fcn\u00fcnde d\u00f6nem a\u00e7\u0131l\u0131\u015flar\u0131 bulunur.<br \/>Bu Tarihlere Kadar Kay\u0131t Yapt\u0131rabilirsiniz.<\/p>\n<p>[\/et_pb_accordion_item][et_pb_accordion_item title=&#8221;EHL\u0130YET ALMA YA\u015eLARI KA\u00c7TIR ?&#8221; _builder_version=&#8221;4.9.2&#8243; _module_preset=&#8221;default&#8221; open=&#8221;off&#8221;]<\/p>\n<p><a href=\"http:\/\/ozvarsaksurucukursu.com\/wp-content\/uploads\/2021\/04\/surucu-belgesi-cesitleri-yas-ve-deneyim.jpg\"><img loading=\"lazy\" src=\"http:\/\/ozvarsaksurucukursu.com\/wp-content\/uploads\/2021\/04\/surucu-belgesi-cesitleri-yas-ve-deneyim.jpg\" width=\"602\" height=\"655\" alt=\"\" class=\"wp-image-106 aligncenter size-full\" srcset=\"http:\/\/ozvarsaksurucukursu.com\/wp-content\/uploads\/2021\/04\/surucu-belgesi-cesitleri-yas-ve-deneyim.jpg 602w, http:\/\/ozvarsaksurucukursu.com\/wp-content\/uploads\/2021\/04\/surucu-belgesi-cesitleri-yas-ve-deneyim-480x522.jpg 480w\" sizes=\"(min-width: 0px) and (max-width: 480px) 480px, (min-width: 481px) 602px, 100vw\" \/><\/a><\/p>\n<p>[\/et_pb_accordion_item][et_pb_accordion_item title=&#8221;KAYIT \u0130\u00c7\u0130N GEREKL\u0130 EVRAKLAR NELERD\u0130R ?&#8221; _builder_version=&#8221;4.9.2&#8243; _module_preset=&#8221;default&#8221; open=&#8221;off&#8221;]<\/p>\n<ul>\n<li>4 Biometrik Foto\u011fraf<\/li>\n<li>Sa\u011fl\u0131k Raporu<\/li>\n<li>\u00d6\u011frenim Durum Belgesi<\/li>\n<li>Kan Grubu<\/li>\n<\/ul>\n<p>[\/et_pb_accordion_item][et_pb_accordion_item title=&#8221;KURS SAATLER\u0130N\u0130Z HAKKINDA B\u0130LG\u0130 VER\u0130R M\u0130S\u0130N\u0130Z ?&#8221; _builder_version=&#8221;4.9.2&#8243; _module_preset=&#8221;default&#8221; open=&#8221;off&#8221;]<\/p>\n<p>Teori Dersler y\u00fcz y\u00fcze e\u011fitim<strong><\/p>\n<p>D\u0130REKS\u0130YON E\u011e\u0130T\u0130M\u0130 : <br \/><\/strong>A1-A2 &#8211; B ehliyeti\u00a0 16 saat &#8211; 14 saat <\/p>\n<ul>\n<li>Direksiyon Ders Saati &gt; 16 saattir 2 saat Ara\u00e7 Tan\u0131t\u0131m<\/li>\n<li>11 saat akan trafik \u2013 3 saat s\u0131nav \u00f6ncesi haz\u0131rl\u0131k<br \/><strong><br \/>TEOR\u0130 DERSLER\u0130 34 saat<\/strong><\/li>\n<li>16 Saat Trafik \u00c7evre Bilgisi<\/li>\n<li>4 Saat Trafik Adab\u0131<\/li>\n<li>6 Saat Ara\u00e7 Tekni\u011fi Dersi<\/li>\n<li>6 Saat \u0130lk Yard\u0131m Dersi Aras\u0131nda<strong>\n<p><\/strong><\/li>\n<\/ul>\n<p>[\/et_pb_accordion_item][et_pb_accordion_item title=&#8221;KURS SAATLER\u0130 NE ZAMAN ?&#8221; _builder_version=&#8221;4.9.2&#8243; _module_preset=&#8221;default&#8221; open=&#8221;off&#8221;]<\/p>\n<p>Ak\u015fam grubu: 17.00 \u2013 22:00 aras\u0131nda\u00a0<\/p>\n<p>G\u00fcnd\u00fcz Grubu : Mevcut say\u0131ya ula\u015f\u0131r ise a\u00e7\u0131l\u0131yor.<\/p>\n<p>[\/et_pb_accordion_item][et_pb_accordion_item title=&#8221;ARA\u00c7LARINIZ HAKKINDA B\u0130LG\u0130 VER\u0130RM\u0130S\u0130N\u0130Z ?&#8221; _builder_version=&#8221;4.9.2&#8243; _module_preset=&#8221;default&#8221; open=&#8221;off&#8221;]<\/p>\n<p>Ara\u00e7lar\u0131m\u0131z Dacia \u2013 Stepway 2017 Model \u2013 Dizel Manuel\u2019dir<\/p>\n<p>[\/et_pb_accordion_item][et_pb_accordion_item title=&#8221;D\u0130REKS\u0130YON E\u011e\u0130T\u0130M\u0130NDE KADIN VE ERKEK USTA \u00d6\u011eRET\u0130C\u0130 VARMI ? SE\u00c7EB\u0130L\u0130YORMUYUZ ?&#8221; _builder_version=&#8221;4.9.2&#8243; _module_preset=&#8221;default&#8221; open=&#8221;off&#8221;]<\/p>\n<p>Erkek Kad\u0131n usta \u00f6\u011freticilerimiz vard\u0131r. Durumu G\u00f6re Se\u00e7ebilirsiniz..<\/p>\n<p>[\/et_pb_accordion_item][et_pb_accordion_item title=&#8221;D\u0130REKS\u0130YON DERSLER\u0130 NEZAMAN VE NE KADAR S\u00dcR\u00dcYOR ?&#8221; _builder_version=&#8221;4.9.2&#8243; _module_preset=&#8221;default&#8221; open=&#8221;off&#8221;]<\/p>\n<ul>\n<li>-Direksiyon E\u011fitimleri \u0130\u00e7in Usta \u00d6\u011freticiler Taraf\u0131ndan Randevu \u015eeklinde:<\/li>\n<li>Toplam 1 saat (g\u00fcnde) 50 dk ders + 10 dk teneff\u00fcs ya da 45 dk ders-15 dk teneff\u00fcs \u015feklinde yap\u0131lmaktad\u0131r.<\/li>\n<\/ul>\n<p>[\/et_pb_accordion_item][et_pb_accordion_item title=&#8221;D\u0130REKS\u0130YON DERSLER\u0130 NE ZAMAN VE NE KADAR S\u00dcR\u00dcYOR ?&#8221; _builder_version=&#8221;4.9.2&#8243; _module_preset=&#8221;default&#8221; open=&#8221;off&#8221;]<\/p>\n<p>Direksiyon E\u011fitimleri \u0130\u00e7in Usta \u00d6\u011freticiler Taraf\u0131ndan Randevu \u015eeklinde:<\/p>\n<p>Toplam 1 saat (g\u00fcnde) 50 dk ders + 10 dk teneff\u00fcs ya da 45 dk ders-15 dk teneff\u00fcs \u015feklinde yap\u0131lmaktad\u0131r.<\/p>\n<p>[\/et_pb_accordion_item][et_pb_accordion_item title=&#8221;SINAV VE EHL\u0130YET HAR\u00c7 \u00dcCRETLER\u0130 NELERD\u0130R ?&#8221; _builder_version=&#8221;4.9.2&#8243; _module_preset=&#8221;default&#8221; open=&#8221;off&#8221;]<\/p>\n<p>Her sene Ba\u015f\u0131nda Bakanl\u0131\u011f\u0131n belirlemi\u015f oldu\u011fu fiyat listesi g\u00fcnceldir<br \/>2022<br \/>A1 \u2013 A2 (Motor) \u00a0750 \u20ba 40 Kuru\u015f<br \/>B (Ara\u00e7) 1461 \u20ba 61 Kuru\u015f<\/p>\n<ul>\n<li>Ara\u00e7 (B) ehliyeti olan adaylar\u0131rm\u0131z A1-A2 (motor ehliyeti) i\u00e7in sadece istenilen evraklarla teori derslerinde muaf olacak direksiyon s\u0131nav\u0131na dahil olur.<\/li>\n<li>Ehliyet Dosyas\u0131na kadar s\u00fcre 45 g\u00fcn, pandemi nedeniyle de\u011fi\u015fiklik olabilir. Yaz\u0131l\u0131 ve direksiyondan kalanlar i\u00e7in bu s\u00fcre de\u011fi\u015fiklik olabilir.<\/li>\n<li>Yaz\u0131l\u0131dan kalanlar ekstra har\u00e7 \u00f6demesi yap\u0131l\u0131r. 15 g\u00fcn yasal s\u00fcre beklenir. Tekrar sisteme giri\u015f olur.<\/li>\n<li>Yaz\u0131l\u0131y\u0131 ge\u00e7ip direksiyondan kalanlar i\u00e7in ekstra har\u00e7 \u00fccreti olarak \u00fccret al\u0131n\u0131r. Bu \u00fccretle 2 saat s\u0131nav \u00f6ncesi haz\u0131rl\u0131k yap\u0131l\u0131r Bu e\u011fitim zorunludur.<\/li>\n<li>*Sertifikay\u0131 kazananlar 2 sene i\u00e7inde har\u00e7 \u00f6demesi ve n\u00fcfus genel m\u00fcd\u00fcrl\u00fc\u011f\u00fcne i\u015fletebilirler.<\/li>\n<\/ul>\n<p>[\/et_pb_accordion_item][et_pb_accordion_item title=&#8221;D\u0130\u011eER KURALLAR&#8221; _builder_version=&#8221;4.9.2&#8243; _module_preset=&#8221;default&#8221; open=&#8221;off&#8221;]<\/p>\n<p><strong>D\u0130\u011eER KURALLAR<\/strong><br \/>*Kurs \u00f6demesi bitirmeyen kursiyerlere dosya teslimi yap\u0131lmamaktad\u0131r.<\/p>\n<p>*Anla\u015f\u0131lan kurs \u00f6demelerini anla\u015fma esnas\u0131nda belirtilen zaman i\u00e7erisinde yap\u0131lmas\u0131 zorunludur.<\/p>\n<p>Kursumuza gelirken hes zorunlulu\u011fu vard\u0131r.<\/p>\n<p>*Yaz\u0131lan 4 hak bulunmaktad\u0131r. 4 hakk\u0131nda ba\u015far\u0131s\u0131z olan adaylar\u0131n dosya hakk\u0131 biter. Dosyay\u0131 kaybeden adaylar Kurs \u00f6demelerini bitirmek zorundad\u0131r. S\u0131navda 70 Puan ve \u00fczeri ba\u015far\u0131l\u0131 say\u0131l\u0131r.<\/p>\n<p>*Direksiyon s\u0131nav\u0131 hakk\u0131 4\u2019t\u00fcr 4 hakk\u0131nda ba\u015far\u0131s\u0131z olan adaylar. Belirli bir \u00fccret kar\u015f\u0131l\u0131\u011f\u0131nda tekrar 4 hak sat\u0131n alabilirler.<\/p>\n<p>*Dosya kazanan adaylar\u0131m\u0131z 2 sene boyunca sistemlerinde \u201cStajyer S\u00fcr\u00fcc\u00fc\u201d olarak g\u00f6z\u00fckecek olup alkoll\u00fc yakalanma(direk)<\/p>\n<p>*\u00dc\u00e7 kez ayn\u0131 hatadan ve farkl\u0131 hatalarda ceza yemesi ehliyet iptaline kadar gidiyor. Pisikoteknik raporu alarak tekrar MTSK\u2019lara ba\u015fvuru yap\u0131labilir.<\/p>\n<p>[\/et_pb_accordion_item][et_pb_accordion_item title=&#8221;COV\u0130D 19 SALGIN TEDB\u0130RLER\u0130N\u0130Z NELERD\u0130R ?&#8221; _builder_version=&#8221;4.9.2&#8243; _module_preset=&#8221;default&#8221; open=&#8221;off&#8221;]<\/p>\n<p>Kursumuzda Covid 19 Tedbirleri ile ilgili:\u00a0<\/p>\n<ul>\n<li>HES Kodu G\u00f6sterme Zorunlulu\u011fu<\/li>\n<li>Maske Zorunlulu\u011fu\u00a0<\/li>\n<li>Sosyal Mesafe<\/li>\n<li>Ate\u015f \u00d6l\u00e7\u00fcm\u00fc<\/li>\n<\/ul>\n<p>[\/et_pb_accordion_item][\/et_pb_accordion][\/et_pb_column][\/et_pb_row][\/et_pb_section]<\/p>\n","protected":false},"excerpt":{"rendered":"<p>[et_pb_section fb_built=&#8221;1&#8243; fullwidth=&#8221;on&#8221; _builder_version=&#8221;4.9.2&#8243; _module_preset=&#8221;default&#8221;][et_pb_fullwidth_slider _builder_version=&#8221;4.9.2&#8243; _module_preset=&#8221;default&#8221;][et_pb_slide heading=&#8221;UZMAN KADROMUZ \u0130LE 2023 YILINDA \u0130DDALIYIZ.&#8221; use_text_overlay=&#8221;on&#8221; _builder_version=&#8221;4.9.2&#8243; _module_preset=&#8221;default&#8221; header_font_size=&#8221;41px&#8221; background_enable_color=&#8221;off&#8221; background_image=&#8221;http:\/\/ozvarsaksurucukursu.com\/wp-content\/uploads\/2021\/04\/ozvarsaksurucukursu.jpg&#8221; background_enable_image=&#8221;on&#8221; header_font_size_tablet=&#8221;&#8221; header_font_size_phone=&#8221;24px&#8221; header_font_size_last_edited=&#8221;on|phone&#8221; sticky_transition=&#8221;on&#8221;][\/et_pb_slide][et_pb_slide heading=&#8221;DAICA STEPWAP ARA\u00c7LARIMIZ \u0130LE E\u011e\u0130T\u0130M VER\u0130YORUZ.&#8221; use_text_overlay=&#8221;on&#8221; text_overlay_color=&#8221;rgba(12,113,195,0.57)&#8221; _builder_version=&#8221;4.9.2&#8243; _module_preset=&#8221;default&#8221; header_level=&#8221;h3&#8243; header_font_size=&#8221;29px&#8221; header_line_height=&#8221;1.2em&#8221; background_enable_color=&#8221;off&#8221; background_image=&#8221;http:\/\/ozvarsaksurucukursu.com\/wp-content\/uploads\/2021\/04\/DSC_3853.jpg&#8221; background_enable_image=&#8221;on&#8221; header_font_size_tablet=&#8221;&#8221; header_font_size_phone=&#8221;20px&#8221; header_font_size_last_edited=&#8221;on|desktop&#8221; sticky_transition=&#8221;on&#8221;][\/et_pb_slide][et_pb_slide heading=&#8221;HEDEF\u0130M\u0130Z E\u011e\u0130T\u0130MDE %100 BA\u015eARI&#8221; use_text_overlay=&#8221;on&#8221; _builder_version=&#8221;4.9.2&#8243; _module_preset=&#8221;default&#8221; background_image=&#8221;http:\/\/ozvarsaksurucukursu.com\/wp-content\/uploads\/2021\/04\/MOTOR-3.jpg&#8221; background_enable_image=&#8221;on&#8221; sticky_transition=&#8221;on&#8221;][\/et_pb_slide][et_pb_slide heading=&#8221;TRAF\u0130K [&hellip;]<\/p>\n","protected":false},"author":2,"featured_media":0,"parent":0,"menu_order":0,"comment_status":"closed","ping_status":"closed","template":"","meta":{"_et_pb_use_builder":"on","_et_pb_old_content":"<!-- wp:paragraph -->\n<p>This is an example page. It's different from a blog post because it will stay in one place and will show up in your site navigation (in most themes). Most people start with an About page that introduces them to potential site visitors. It might say something like this:<\/p>\n<!-- \/wp:paragraph -->\n\n<!-- wp:quote -->\n<blockquote class=\"wp-block-quote\"><p>Hi there! I'm a bike messenger by day, aspiring actor by night, and this is my website. I live in Los Angeles, have a great dog named Jack, and I like pi&#241;a coladas. (And gettin' caught in the rain.)<\/p><\/blockquote>\n<!-- \/wp:quote -->\n\n<!-- wp:paragraph -->\n<p>...or something like this:<\/p>\n<!-- \/wp:paragraph -->\n\n<!-- wp:quote -->\n<blockquote class=\"wp-block-quote\"><p>The XYZ Doohickey Company was founded in 1971, and has been providing quality doohickeys to the public ever since. Located in Gotham City, XYZ employs over 2,000 people and does all kinds of awesome things for the Gotham community.<\/p><\/blockquote>\n<!-- \/wp:quote -->\n\n<!-- wp:paragraph -->\n<p>As a new WordPress user, you should go to <a href=\"http:\/\/ozvarsaksurucukursu.com\/wp-admin\/\">your dashboard<\/a> to delete this page and create new pages for your content. Have fun!<\/p>\n<!-- \/wp:paragraph -->","_et_gb_content_width":""},"_links":{"self":[{"href":"http:\/\/ozvarsaksurucukursu.com\/index.php?rest_route=\/wp\/v2\/pages\/2"}],"collection":[{"href":"http:\/\/ozvarsaksurucukursu.com\/index.php?rest_route=\/wp\/v2\/pages"}],"about":[{"href":"http:\/\/ozvarsaksurucukursu.com\/index.php?rest_route=\/wp\/v2\/types\/page"}],"author":[{"embeddable":true,"href":"http:\/\/ozvarsaksurucukursu.com\/index.php?rest_route=\/wp\/v2\/users\/2"}],"replies":[{"embeddable":true,"href":"http:\/\/ozvarsaksurucukursu.com\/index.php?rest_route=%2Fwp%2Fv2%2Fcomments&post=2"}],"version-history":[{"count":24,"href":"http:\/\/ozvarsaksurucukursu.com\/index.php?rest_route=\/wp\/v2\/pages\/2\/revisions"}],"predecessor-version":[{"id":161,"href":"http:\/\/ozvarsaksurucukursu.com\/index.php?rest_route=\/wp\/v2\/pages\/2\/revisions\/161"}],"wp:attachment":[{"href":"http:\/\/ozvarsaksurucukursu.com\/index.php?rest_route=%2Fwp%2Fv2%2Fmedia&parent=2"}],"curies":[{"name":"wp","href":"https:\/\/api.w.org\/{rel}","templated":true}]}}