{"id":149,"date":"2022-04-28T13:27:48","date_gmt":"2022-04-28T13:27:48","guid":{"rendered":"https:\/\/ozvarsaksurucukursu.com\/?page_id=149"},"modified":"2022-04-28T13:27:48","modified_gmt":"2022-04-28T13:27:48","slug":"e-sinav","status":"publish","type":"page","link":"http:\/\/ozvarsaksurucukursu.com\/?page_id=149","title":{"rendered":"E SINAV"},"content":{"rendered":"<h2 class=\"simplequiz_componentheading componentheading page-header\">2022 Ehliyet S\u0131nav\u0131 \u00c7\u0131km\u0131\u015f Sorular<\/h2>\n<form id=\"sq_form_974\" class=\"sq_quiz\" method=\"post\" name=\"sq_form_974\">\n<div id=\"sq_pre_text_974\" class=\"simplequiz_pre_text\">\n<p><strong>2022 Ehliyet s\u0131nav sorular\u0131n\u0131<\/strong>\u00a0\u00e7\u00f6zerek s\u0131nava haz\u0131rlanan\u0131n! Alta yer alan sorular \u00e7\u0131km\u0131\u015f ehliyet s\u0131nav sorular\u0131ndan se\u00e7ilerek olu\u015fturulmu\u015ftur. E-s\u0131nav m\u00fcfredat\u0131na uygundur!<\/p>\n<p><strong>S\u0131nava girmeden \u00f6nce altta bulunan t\u00fcm deneme s\u0131navlar\u0131n\u0131\u00a0\u00e7\u00f6zmenizi \u00f6neriyoruz. \u00c7\u00fcnk\u00fc bu s\u0131navlar farkl\u0131 tipte binlerce soru aras\u0131ndan \u00f6zenle se\u00e7ilmi\u015ftir.<\/strong><\/p>\n<table style=\"height: 501px;\" width=\"571\">\n<tbody>\n<tr>\n<td style=\"width: 277.5px;\"><a href=\"https:\/\/ehliyetsinavihazirlik.com\/index.php\/esinav-mart-1.html\" target=\"_bank\" rel=\"noopener\">1 Mart 2022<\/a><\/td>\n<td style=\"width: 277.5px;\"><a href=\"https:\/\/ehliyetsinavihazirlik.com\/index.php\/esinav-mart-17.html\" target=\"_bank\" rel=\"noopener\">17 Mart 2022<\/a><\/td>\n<\/tr>\n<tr>\n<td style=\"width: 277.5px;\"><a href=\"https:\/\/ehliyetsinavihazirlik.com\/index.php\/esinav-mart-2.html\" target=\"_bank\" rel=\"noopener\">2 Mart 2022<\/a><\/td>\n<td style=\"width: 277.5px;\"><a href=\"https:\/\/ehliyetsinavihazirlik.com\/index.php\/esinav-mart-18.html\" target=\"_bank\" rel=\"noopener\">18 Mart 2022<\/a><\/td>\n<\/tr>\n<tr>\n<td style=\"width: 277.5px;\"><a href=\"https:\/\/ehliyetsinavihazirlik.com\/index.php\/esinav-mart-3.html\" target=\"_bank\" rel=\"noopener\">3 Mart 2022<\/a><\/td>\n<td style=\"width: 277.5px;\"><a href=\"https:\/\/ehliyetsinavihazirlik.com\/index.php\/esinav-mart-19.html\" target=\"_bank\" rel=\"noopener\">19 Mart 2022<\/a><\/td>\n<\/tr>\n<tr>\n<td style=\"width: 277.5px;\"><a href=\"https:\/\/ehliyetsinavihazirlik.com\/index.php\/esinav-mart-4.html\" target=\"_bank\" rel=\"noopener\">4 Mart 2022<\/a><\/td>\n<td style=\"width: 277.5px;\"><a href=\"https:\/\/ehliyetsinavihazirlik.com\/index.php\/esinav-mart-20.html\" target=\"_bank\" rel=\"noopener\">20 Mart 2022<\/a><\/td>\n<\/tr>\n<tr>\n<td style=\"width: 277.5px;\"><a href=\"https:\/\/ehliyetsinavihazirlik.com\/index.php\/esinav-mart-5.html\" target=\"_bank\" rel=\"noopener\">5 Mart 2022<\/a><\/td>\n<td style=\"width: 277.5px;\"><a href=\"https:\/\/ehliyetsinavihazirlik.com\/index.php\/esinav-mart-21.html\" target=\"_bank\" rel=\"noopener\">21 Mart 2022<\/a><\/td>\n<\/tr>\n<tr>\n<td style=\"width: 277.5px;\"><a href=\"https:\/\/ehliyetsinavihazirlik.com\/index.php\/esinav-mart-6.html\" target=\"_bank\" rel=\"noopener\">6 Mart 2022<\/a><\/td>\n<td style=\"width: 277.5px;\"><a href=\"https:\/\/ehliyetsinavihazirlik.com\/index.php\/esinav-mart-22.html\" target=\"_bank\" rel=\"noopener\">22 Mart 2022<\/a><\/td>\n<\/tr>\n<tr>\n<td style=\"width: 277.5px;\"><a href=\"https:\/\/ehliyetsinavihazirlik.com\/index.php\/esinav-mart-7.html\" target=\"_bank\" rel=\"noopener\">7 Mart 2022<\/a><\/td>\n<td style=\"width: 277.5px;\"><a href=\"https:\/\/ehliyetsinavihazirlik.com\/index.php\/esinav-mart-23.html\" target=\"_bank\" rel=\"noopener\">23 Mart 2022<\/a><\/td>\n<\/tr>\n<tr>\n<td style=\"width: 277.5px;\"><a href=\"https:\/\/ehliyetsinavihazirlik.com\/index.php\/esinav-mart-8.html\" target=\"_bank\" rel=\"noopener\">8 Mart 2022<\/a><\/td>\n<td style=\"width: 277.5px;\"><a href=\"https:\/\/ehliyetsinavihazirlik.com\/index.php\/esinav-mart-24.html\" target=\"_bank\" rel=\"noopener\">24 Mart 2022<\/a><\/td>\n<\/tr>\n<tr>\n<td style=\"width: 277.5px;\"><a href=\"https:\/\/ehliyetsinavihazirlik.com\/index.php\/esinav-mart-9.html\" target=\"_bank\" rel=\"noopener\">9 Mart 2022<\/a><\/td>\n<td style=\"width: 277.5px;\"><a href=\"https:\/\/ehliyetsinavihazirlik.com\/index.php\/esinav-mart-25.html\" target=\"_bank\" rel=\"noopener\">25 Mart 2022<\/a><\/td>\n<\/tr>\n<tr>\n<td style=\"width: 277.5px;\"><a href=\"https:\/\/ehliyetsinavihazirlik.com\/index.php\/esinav-mart-10.html\" target=\"_bank\" rel=\"noopener\">10 Mart 2022<\/a><\/td>\n<td style=\"width: 277.5px;\"><a href=\"https:\/\/ehliyetsinavihazirlik.com\/index.php\/esinav-mart-26.html\" target=\"_bank\" rel=\"noopener\">26 Mart 2022<\/a><\/td>\n<\/tr>\n<tr>\n<td style=\"width: 277.5px;\"><a href=\"https:\/\/ehliyetsinavihazirlik.com\/index.php\/esinav-mart-11.html\" target=\"_bank\" rel=\"noopener\">11 Mart 2022<\/a><\/td>\n<td style=\"width: 277.5px;\"><a href=\"https:\/\/ehliyetsinavihazirlik.com\/index.php\/esinav-mart-27.html\" target=\"_bank\" rel=\"noopener\">27 Mart 2022<\/a><\/td>\n<\/tr>\n<tr>\n<td style=\"width: 277.5px;\"><a href=\"https:\/\/ehliyetsinavihazirlik.com\/index.php\/esinav-mart-12.html\" target=\"_bank\" rel=\"noopener\">12 Mart 2022<\/a><\/td>\n<td style=\"width: 277.5px;\"><a href=\"https:\/\/ehliyetsinavihazirlik.com\/index.php\/esinav-mart-28.html\" target=\"_bank\" rel=\"noopener\">28 Mart 2022<\/a><\/td>\n<\/tr>\n<tr>\n<td style=\"width: 277.5px;\"><a href=\"https:\/\/ehliyetsinavihazirlik.com\/index.php\/esinav-mart-13.html\" target=\"_bank\" rel=\"noopener\">13 Mart 2022<\/a><\/td>\n<td style=\"width: 277.5px;\"><a href=\"https:\/\/ehliyetsinavihazirlik.com\/index.php\/esinav-mart-29.html\" target=\"_bank\" rel=\"noopener\">29 Mart 2022<\/a><\/td>\n<\/tr>\n<tr>\n<td style=\"width: 277.5px;\"><a href=\"https:\/\/ehliyetsinavihazirlik.com\/index.php\/esinav-mart-14.html\" target=\"_bank\" rel=\"noopener\">14 Mart 2022<\/a><\/td>\n<td style=\"width: 277.5px;\"><a href=\"https:\/\/ehliyetsinavihazirlik.com\/index.php\/esinav-mart-30.html\" target=\"_bank\" rel=\"noopener\">30 Mart 2022<\/a><\/td>\n<\/tr>\n<tr>\n<td style=\"width: 277.5px;\"><a href=\"https:\/\/ehliyetsinavihazirlik.com\/index.php\/esinav-mart-15.html\" target=\"_bank\" rel=\"noopener\">15 Mart 2022<\/a><\/td>\n<td style=\"width: 277.5px;\"><a href=\"https:\/\/ehliyetsinavihazirlik.com\/index.php\/esinav-mart-31.html\" target=\"_bank\" rel=\"noopener\">31 Mart 2022<\/a><\/td>\n<\/tr>\n<tr>\n<td style=\"width: 277.5px;\"><a href=\"https:\/\/ehliyetsinavihazirlik.com\/index.php\/esinav-mart-16.html\" target=\"_bank\" rel=\"noopener\">16 Mart 2022<\/a><\/td>\n<td style=\"width: 277.5px;\"><\/td>\n<\/tr>\n<\/tbody>\n<\/table>\n<\/div>\n<\/form>\n","protected":false},"excerpt":{"rendered":"<p>2022 Ehliyet S\u0131nav\u0131 \u00c7\u0131km\u0131\u015f Sorular 2022 Ehliyet s\u0131nav sorular\u0131n\u0131\u00a0\u00e7\u00f6zerek s\u0131nava haz\u0131rlanan\u0131n! Alta yer alan sorular \u00e7\u0131km\u0131\u015f ehliyet s\u0131nav sorular\u0131ndan se\u00e7ilerek olu\u015fturulmu\u015ftur. E-s\u0131nav m\u00fcfredat\u0131na uygundur! S\u0131nava girmeden \u00f6nce altta bulunan t\u00fcm deneme s\u0131navlar\u0131n\u0131\u00a0\u00e7\u00f6zmenizi \u00f6neriyoruz. \u00c7\u00fcnk\u00fc bu s\u0131navlar farkl\u0131 tipte binlerce soru aras\u0131ndan \u00f6zenle se\u00e7ilmi\u015ftir. 1 Mart 2022 17 Mart 2022 2 Mart 2022 18 Mart 2022 [&hellip;]<\/p>\n","protected":false},"author":2,"featured_media":0,"parent":0,"menu_order":0,"comment_status":"closed","ping_status":"closed","template":"","meta":{"_et_pb_use_builder":"","_et_pb_old_content":"","_et_gb_content_width":""},"_links":{"self":[{"href":"http:\/\/ozvarsaksurucukursu.com\/index.php?rest_route=\/wp\/v2\/pages\/149"}],"collection":[{"href":"http:\/\/ozvarsaksurucukursu.com\/index.php?rest_route=\/wp\/v2\/pages"}],"about":[{"href":"http:\/\/ozvarsaksurucukursu.com\/index.php?rest_route=\/wp\/v2\/types\/page"}],"author":[{"embeddable":true,"href":"http:\/\/ozvarsaksurucukursu.com\/index.php?rest_route=\/wp\/v2\/users\/2"}],"replies":[{"embeddable":true,"href":"http:\/\/ozvarsaksurucukursu.com\/index.php?rest_route=%2Fwp%2Fv2%2Fcomments&post=149"}],"version-history":[{"count":1,"href":"http:\/\/ozvarsaksurucukursu.com\/index.php?rest_route=\/wp\/v2\/pages\/149\/revisions"}],"predecessor-version":[{"id":151,"href":"http:\/\/ozvarsaksurucukursu.com\/index.php?rest_route=\/wp\/v2\/pages\/149\/revisions\/151"}],"wp:attachment":[{"href":"http:\/\/ozvarsaksurucukursu.com\/index.php?rest_route=%2Fwp%2Fv2%2Fmedia&parent=149"}],"curies":[{"name":"wp","href":"https:\/\/api.w.org\/{rel}","templated":true}]}}